{"id":1659,"date":"2025-01-09T08:13:19","date_gmt":"2025-01-09T08:13:19","guid":{"rendered":"http:\/\/villasdelujotenerife.com\/?page_id=1659"},"modified":"2026-02-26T13:37:52","modified_gmt":"2026-02-26T13:37:52","slug":"alojamiento-vacacional","status":"publish","type":"page","link":"https:\/\/villasdelujotenerife.com\/?page_id=1659","title":{"rendered":"Alojamientos Vacacionales"},"content":{"rendered":"\t\t<div data-elementor-type=\"wp-page\" data-elementor-id=\"1659\" class=\"elementor elementor-1659\">\n\t\t\t\t\t\t<section class=\"elementor-section elementor-top-section elementor-element elementor-element-777b537 elementor-section-full_width elementor-section-height-default elementor-section-height-default\" data-id=\"777b537\" data-element_type=\"section\" data-e-type=\"section\">\n\t\t\t\t\t\t<div class=\"elementor-container elementor-column-gap-no\">\n\t\t\t\t\t<div class=\"elementor-column elementor-col-100 elementor-top-column elementor-element elementor-element-f4e00d3\" data-id=\"f4e00d3\" data-element_type=\"column\" data-e-type=\"column\">\n\t\t\t<div class=\"elementor-widget-wrap elementor-element-populated\">\n\t\t\t\t\t\t\t<\/div>\n\t\t<\/div>\n\t\t\t\t\t<\/div>\n\t\t<\/section>\n\t\t<div class=\"elementor-element elementor-element-ff272f4 e-flex e-con-boxed e-con e-parent\" data-id=\"ff272f4\" data-element_type=\"container\" data-e-type=\"container\">\n\t\t\t\t\t<div class=\"e-con-inner\">\n\t\t\t\t<div class=\"elementor-element elementor-element-6afb790 elementor-invisible elementor-widget elementor-widget-heading\" data-id=\"6afb790\" data-element_type=\"widget\" data-e-type=\"widget\" data-settings=\"{&quot;_animation&quot;:&quot;fadeIn&quot;,&quot;_animation_delay&quot;:&quot;500&quot;}\" data-widget_type=\"heading.default\">\n\t\t\t\t<div class=\"elementor-widget-container\">\n\t\t\t\t\t<h3 class=\"elementor-heading-title elementor-size-default\">Alojamientos Exclusivos en Tenerife<\/h3>\t\t\t\t<\/div>\n\t\t\t\t<\/div>\n\t\t\t\t<div class=\"elementor-element elementor-element-f6fb8f8 elementor-widget elementor-widget-text-editor\" data-id=\"f6fb8f8\" data-element_type=\"widget\" data-e-type=\"widget\" data-widget_type=\"text-editor.default\">\n\t\t\t\t<div class=\"elementor-widget-container\">\n\t\t\t\t\t\t\t\t\t<p>Descubre una colecci\u00f3n \u00fanica de alojamientos de lujo en Tenerife, dise\u00f1ados para quienes buscan exclusividad, confort y una experiencia inolvidable en un entorno paradis\u00edaco. Desde villas privadas con vistas al mar hasta sofisticados \u00e1ticos con servicios premium.\u200b<\/p>\t\t\t\t\t\t\t\t<\/div>\n\t\t\t\t<\/div>\n\t\t\t\t\t<\/div>\n\t\t\t\t<\/div>\n\t\t<div class=\"elementor-element elementor-element-444640c e-flex e-con-boxed e-con e-parent\" data-id=\"444640c\" data-element_type=\"container\" data-e-type=\"container\">\n\t\t\t\t\t<div class=\"e-con-inner\">\n\t\t\t\t<div class=\"elementor-element elementor-element-95a9dfb elementor-invisible elementor-widget elementor-widget-heading\" data-id=\"95a9dfb\" data-element_type=\"widget\" data-e-type=\"widget\" data-settings=\"{&quot;_animation&quot;:&quot;fadeIn&quot;,&quot;_animation_delay&quot;:&quot;500&quot;}\" data-widget_type=\"heading.default\">\n\t\t\t\t<div class=\"elementor-widget-container\">\n\t\t\t\t\t<h3 class=\"elementor-heading-title elementor-size-default\"><span class=\"notranslate\">Los Realejos<\/span><\/h3>\t\t\t\t<\/div>\n\t\t\t\t<\/div>\n\t\t\t\t<div class=\"elementor-element elementor-element-c4023da elementor-widget elementor-widget-text-editor\" data-id=\"c4023da\" data-element_type=\"widget\" data-e-type=\"widget\" data-widget_type=\"text-editor.default\">\n\t\t\t\t<div class=\"elementor-widget-container\">\n\t\t\t\t\t\t\t\t\t<p style=\"text-align: center;\">Naturaleza y Sofisticaci\u00f3n en el Norte de Tenerife<\/p>\t\t\t\t\t\t\t\t<\/div>\n\t\t\t\t<\/div>\n\t\t\t\t\t<\/div>\n\t\t\t\t<\/div>\n\t\t<div class=\"elementor-element elementor-element-bc9f39b e-grid e-con-boxed e-con e-parent\" data-id=\"bc9f39b\" data-element_type=\"container\" data-e-type=\"container\">\n\t\t\t\t\t<div class=\"e-con-inner\">\n\t\t\t\t\t<\/div>\n\t\t\t\t<\/div>\n\t\t<div class=\"elementor-element elementor-element-f7cb4b9 e-flex e-con-boxed e-con e-parent\" data-id=\"f7cb4b9\" data-element_type=\"container\" data-e-type=\"container\">\n\t\t\t\t\t<div class=\"e-con-inner\">\n\t\t\t\t<div class=\"elementor-element elementor-element-596236a elementor-invisible elementor-widget elementor-widget-heading\" data-id=\"596236a\" data-element_type=\"widget\" data-e-type=\"widget\" data-settings=\"{&quot;_animation&quot;:&quot;fadeIn&quot;,&quot;_animation_delay&quot;:&quot;500&quot;}\" data-widget_type=\"heading.default\">\n\t\t\t\t<div class=\"elementor-widget-container\">\n\t\t\t\t\t<h3 class=\"elementor-heading-title elementor-size-default\">El Sauzal<\/h3>\t\t\t\t<\/div>\n\t\t\t\t<\/div>\n\t\t\t\t<div class=\"elementor-element elementor-element-740f176 elementor-widget elementor-widget-text-editor\" data-id=\"740f176\" data-element_type=\"widget\" data-e-type=\"widget\" data-widget_type=\"text-editor.default\">\n\t\t\t\t<div class=\"elementor-widget-container\">\n\t\t\t\t\t\t\t\t\t<p style=\"text-align: center;\">Un Refugio de Tranquilidad y Exclusividad<\/p>\t\t\t\t\t\t\t\t<\/div>\n\t\t\t\t<\/div>\n\t\t\t\t\t<\/div>\n\t\t\t\t<\/div>\n\t\t<div class=\"elementor-element elementor-element-3b85e1b e-grid e-con-boxed e-con e-parent\" data-id=\"3b85e1b\" data-element_type=\"container\" data-e-type=\"container\">\n\t\t\t\t\t<div class=\"e-con-inner\">\n\t\t\t\t\t<\/div>\n\t\t\t\t<\/div>\n\t\t<div class=\"elementor-element elementor-element-1ce1dd4 e-flex e-con-boxed e-con e-parent\" data-id=\"1ce1dd4\" data-element_type=\"container\" data-e-type=\"container\">\n\t\t\t\t\t<div class=\"e-con-inner\">\n\t\t\t\t<div class=\"elementor-element elementor-element-cbc1427 elementor-invisible elementor-widget elementor-widget-heading\" data-id=\"cbc1427\" data-element_type=\"widget\" data-e-type=\"widget\" data-settings=\"{&quot;_animation&quot;:&quot;fadeIn&quot;,&quot;_animation_delay&quot;:&quot;500&quot;}\" data-widget_type=\"heading.default\">\n\t\t\t\t<div class=\"elementor-widget-container\">\n\t\t\t\t\t<h3 class=\"elementor-heading-title elementor-size-default\">Las Americas<\/h3>\t\t\t\t<\/div>\n\t\t\t\t<\/div>\n\t\t\t\t<div class=\"elementor-element elementor-element-a97988b elementor-widget elementor-widget-text-editor\" data-id=\"a97988b\" data-element_type=\"widget\" data-e-type=\"widget\" data-widget_type=\"text-editor.default\">\n\t\t\t\t<div class=\"elementor-widget-container\">\n\t\t\t\t\t\t\t\t\t<p style=\"text-align: center;\">El Epicentro del Lujo y la Vida Exclusiva en Tenerife<\/p>\t\t\t\t\t\t\t\t<\/div>\n\t\t\t\t<\/div>\n\t\t\t\t\t<\/div>\n\t\t\t\t<\/div>\n\t\t<div class=\"elementor-element elementor-element-905dee8 e-grid e-con-boxed e-con e-parent\" data-id=\"905dee8\" data-element_type=\"container\" data-e-type=\"container\">\n\t\t\t\t\t<div class=\"e-con-inner\">\n\t\t\t\t\t<\/div>\n\t\t\t\t<\/div>\n\t\t\t\t<\/div>\n\t\t","protected":false},"excerpt":{"rendered":"<p>Alojamientos Exclusivos en Tenerife Descubre una colecci\u00f3n \u00fanica de alojamientos de lujo en Tenerife, dise\u00f1ados para quienes buscan exclusividad, confort y una experiencia inolvidable en un entorno paradis\u00edaco. Desde villas privadas con vistas al mar hasta sofisticados \u00e1ticos con servicios premium.\u200b Los Realejos Naturaleza y Sofisticaci\u00f3n en el Norte de Tenerife Villa San Benito Villa [&hellip;]<\/p>\n","protected":false},"author":1,"featured_media":0,"parent":0,"menu_order":2,"comment_status":"closed","ping_status":"open","template":"elementor_header_footer","meta":{"_acf_changed":false,"footnotes":""},"class_list":["post-1659","page","type-page","status-publish","hentry"],"acf":[],"yoast_head":"<!-- This site is optimized with the Yoast SEO plugin v27.2 - https:\/\/yoast.com\/product\/yoast-seo-wordpress\/ -->\n<title>Alojamientos Vacacionales - Viviendad de Lujo en Tenerife<\/title>\n<meta name=\"description\" content=\"Alojamientos Vacacionales - Conoce todos las opciones de alojamiento para alquilar tu villa de lujo en Tenerife.\" \/>\n<meta name=\"robots\" content=\"index, follow, max-snippet:-1, max-image-preview:large, max-video-preview:-1\" \/>\n<link rel=\"canonical\" href=\"https:\/\/villasdelujotenerife.com\/?page_id=1659\" \/>\n<meta property=\"og:locale\" content=\"es_ES\" \/>\n<meta property=\"og:type\" content=\"article\" \/>\n<meta property=\"og:title\" content=\"Alojamientos Vacacionales - Viviendad de Lujo en Tenerife\" \/>\n<meta property=\"og:description\" content=\"Alojamientos Vacacionales - Conoce todos las opciones de alojamiento para alquilar tu villa de lujo en Tenerife.\" \/>\n<meta property=\"og:url\" content=\"https:\/\/villasdelujotenerife.com\/?page_id=1659\" \/>\n<meta property=\"og:site_name\" content=\"Viviendad de Lujo en Tenerife\" \/>\n<meta property=\"article:modified_time\" content=\"2026-02-26T13:37:52+00:00\" \/>\n<meta property=\"og:image\" content=\"https:\/\/villasdelujotenerife.com\/wp-content\/uploads\/2019\/07\/371550_596a9f8e2c_1.jpg\" \/>\n<meta name=\"twitter:card\" content=\"summary_large_image\" \/>\n<meta name=\"twitter:label1\" content=\"Tiempo de lectura\" \/>\n\t<meta name=\"twitter:data1\" content=\"4 minutos\" \/>\n<script type=\"application\/ld+json\" class=\"yoast-schema-graph\">{\"@context\":\"https:\/\/schema.org\",\"@graph\":[{\"@type\":\"WebPage\",\"@id\":\"https:\/\/villasdelujotenerife.com\/?page_id=1659\",\"url\":\"https:\/\/villasdelujotenerife.com\/?page_id=1659\",\"name\":\"Alojamientos Vacacionales - Viviendad de Lujo en Tenerife\",\"isPartOf\":{\"@id\":\"https:\/\/villasdelujotenerife.com\/#website\"},\"primaryImageOfPage\":{\"@id\":\"https:\/\/villasdelujotenerife.com\/?page_id=1659#primaryimage\"},\"image\":{\"@id\":\"https:\/\/villasdelujotenerife.com\/?page_id=1659#primaryimage\"},\"thumbnailUrl\":\"https:\/\/villasdelujotenerife.com\/wp-content\/uploads\/2019\/07\/371550_596a9f8e2c_1.jpg\",\"datePublished\":\"2025-01-09T08:13:19+00:00\",\"dateModified\":\"2026-02-26T13:37:52+00:00\",\"description\":\"Alojamientos Vacacionales - Conoce todos las opciones de alojamiento para alquilar tu villa de lujo en Tenerife.\",\"breadcrumb\":{\"@id\":\"https:\/\/villasdelujotenerife.com\/?page_id=1659#breadcrumb\"},\"inLanguage\":\"es\",\"potentialAction\":[{\"@type\":\"ReadAction\",\"target\":[\"https:\/\/villasdelujotenerife.com\/?page_id=1659\"]}]},{\"@type\":\"ImageObject\",\"inLanguage\":\"es\",\"@id\":\"https:\/\/villasdelujotenerife.com\/?page_id=1659#primaryimage\",\"url\":\"https:\/\/villasdelujotenerife.com\/wp-content\/uploads\/2019\/07\/371550_596a9f8e2c_1.jpg\",\"contentUrl\":\"https:\/\/villasdelujotenerife.com\/wp-content\/uploads\/2019\/07\/371550_596a9f8e2c_1.jpg\",\"width\":1600,\"height\":1067,\"caption\":\"Villa Sabina\"},{\"@type\":\"BreadcrumbList\",\"@id\":\"https:\/\/villasdelujotenerife.com\/?page_id=1659#breadcrumb\",\"itemListElement\":[{\"@type\":\"ListItem\",\"position\":1,\"name\":\"Portada\",\"item\":\"https:\/\/villasdelujotenerife.com\/\"},{\"@type\":\"ListItem\",\"position\":2,\"name\":\"Alojamientos Vacacionales\"}]},{\"@type\":\"WebSite\",\"@id\":\"https:\/\/villasdelujotenerife.com\/#website\",\"url\":\"https:\/\/villasdelujotenerife.com\/\",\"name\":\"Viviendad de Lujo en Tenerife\",\"description\":\"Ecuentra tu Vivienda de Lujo en Tenerife. Exclusividad y privacidad.\",\"potentialAction\":[{\"@type\":\"SearchAction\",\"target\":{\"@type\":\"EntryPoint\",\"urlTemplate\":\"https:\/\/villasdelujotenerife.com\/?s={search_term_string}\"},\"query-input\":{\"@type\":\"PropertyValueSpecification\",\"valueRequired\":true,\"valueName\":\"search_term_string\"}}],\"inLanguage\":\"es\"}]}<\/script>\n<!-- \/ Yoast SEO plugin. -->","yoast_head_json":{"title":"Alojamientos Vacacionales - Viviendad de Lujo en Tenerife","description":"Alojamientos Vacacionales - Conoce todos las opciones de alojamiento para alquilar tu villa de lujo en Tenerife.","robots":{"index":"index","follow":"follow","max-snippet":"max-snippet:-1","max-image-preview":"max-image-preview:large","max-video-preview":"max-video-preview:-1"},"canonical":"https:\/\/villasdelujotenerife.com\/?page_id=1659","og_locale":"es_ES","og_type":"article","og_title":"Alojamientos Vacacionales - Viviendad de Lujo en Tenerife","og_description":"Alojamientos Vacacionales - Conoce todos las opciones de alojamiento para alquilar tu villa de lujo en Tenerife.","og_url":"https:\/\/villasdelujotenerife.com\/?page_id=1659","og_site_name":"Viviendad de Lujo en Tenerife","article_modified_time":"2026-02-26T13:37:52+00:00","og_image":[{"url":"https:\/\/villasdelujotenerife.com\/wp-content\/uploads\/2019\/07\/371550_596a9f8e2c_1.jpg","type":"","width":"","height":""}],"twitter_card":"summary_large_image","twitter_misc":{"Tiempo de lectura":"4 minutos"},"schema":{"@context":"https:\/\/schema.org","@graph":[{"@type":"WebPage","@id":"https:\/\/villasdelujotenerife.com\/?page_id=1659","url":"https:\/\/villasdelujotenerife.com\/?page_id=1659","name":"Alojamientos Vacacionales - Viviendad de Lujo en Tenerife","isPartOf":{"@id":"https:\/\/villasdelujotenerife.com\/#website"},"primaryImageOfPage":{"@id":"https:\/\/villasdelujotenerife.com\/?page_id=1659#primaryimage"},"image":{"@id":"https:\/\/villasdelujotenerife.com\/?page_id=1659#primaryimage"},"thumbnailUrl":"https:\/\/villasdelujotenerife.com\/wp-content\/uploads\/2019\/07\/371550_596a9f8e2c_1.jpg","datePublished":"2025-01-09T08:13:19+00:00","dateModified":"2026-02-26T13:37:52+00:00","description":"Alojamientos Vacacionales - Conoce todos las opciones de alojamiento para alquilar tu villa de lujo en Tenerife.","breadcrumb":{"@id":"https:\/\/villasdelujotenerife.com\/?page_id=1659#breadcrumb"},"inLanguage":"es","potentialAction":[{"@type":"ReadAction","target":["https:\/\/villasdelujotenerife.com\/?page_id=1659"]}]},{"@type":"ImageObject","inLanguage":"es","@id":"https:\/\/villasdelujotenerife.com\/?page_id=1659#primaryimage","url":"https:\/\/villasdelujotenerife.com\/wp-content\/uploads\/2019\/07\/371550_596a9f8e2c_1.jpg","contentUrl":"https:\/\/villasdelujotenerife.com\/wp-content\/uploads\/2019\/07\/371550_596a9f8e2c_1.jpg","width":1600,"height":1067,"caption":"Villa Sabina"},{"@type":"BreadcrumbList","@id":"https:\/\/villasdelujotenerife.com\/?page_id=1659#breadcrumb","itemListElement":[{"@type":"ListItem","position":1,"name":"Portada","item":"https:\/\/villasdelujotenerife.com\/"},{"@type":"ListItem","position":2,"name":"Alojamientos Vacacionales"}]},{"@type":"WebSite","@id":"https:\/\/villasdelujotenerife.com\/#website","url":"https:\/\/villasdelujotenerife.com\/","name":"Viviendad de Lujo en Tenerife","description":"Ecuentra tu Vivienda de Lujo en Tenerife. Exclusividad y privacidad.","potentialAction":[{"@type":"SearchAction","target":{"@type":"EntryPoint","urlTemplate":"https:\/\/villasdelujotenerife.com\/?s={search_term_string}"},"query-input":{"@type":"PropertyValueSpecification","valueRequired":true,"valueName":"search_term_string"}}],"inLanguage":"es"}]}},"_links":{"self":[{"href":"https:\/\/villasdelujotenerife.com\/index.php?rest_route=\/wp\/v2\/pages\/1659","targetHints":{"allow":["GET"]}}],"collection":[{"href":"https:\/\/villasdelujotenerife.com\/index.php?rest_route=\/wp\/v2\/pages"}],"about":[{"href":"https:\/\/villasdelujotenerife.com\/index.php?rest_route=\/wp\/v2\/types\/page"}],"author":[{"embeddable":true,"href":"https:\/\/villasdelujotenerife.com\/index.php?rest_route=\/wp\/v2\/users\/1"}],"replies":[{"embeddable":true,"href":"https:\/\/villasdelujotenerife.com\/index.php?rest_route=%2Fwp%2Fv2%2Fcomments&post=1659"}],"version-history":[{"count":32,"href":"https:\/\/villasdelujotenerife.com\/index.php?rest_route=\/wp\/v2\/pages\/1659\/revisions"}],"predecessor-version":[{"id":71963,"href":"https:\/\/villasdelujotenerife.com\/index.php?rest_route=\/wp\/v2\/pages\/1659\/revisions\/71963"}],"wp:attachment":[{"href":"https:\/\/villasdelujotenerife.com\/index.php?rest_route=%2Fwp%2Fv2%2Fmedia&parent=1659"}],"curies":[{"name":"wp","href":"https:\/\/api.w.org\/{rel}","templated":true}]}}